{"id":2,"date":"2022-12-07T11:00:42","date_gmt":"2022-12-07T10:00:42","guid":{"rendered":"http:\/\/sioplc.fr\/?page_id=2"},"modified":"2025-07-09T18:14:53","modified_gmt":"2025-07-09T16:14:53","slug":"page-d-exemple","status":"publish","type":"page","link":"https:\/\/sioplc.fr\/index.php\/page-d-exemple\/","title":{"rendered":"BTS Cybers\u00e9curit\u00e9 et services informatiques aux organisations"},"content":{"rendered":"\n<p>Ce dipl\u00f4me forme des techniciens sup\u00e9rieurs capables de g\u00e9rer un parc informatique ou d\u2019administrer un r\u00e9seau en PME ou de d\u00e9velopper des logiciels.<br>Ce technicien sup\u00e9rieur dialogue en permanence avec les informaticiens de l\u2019entreprise et les collaborateurs ext\u00e9rieurs (fournisseurs de mat\u00e9riel, prestataires de services\u2026). Par ailleurs, il exerce des fonctions d\u2019interface entre les utilisateurs, le service informatique central, les gestionnaires et les d\u00e9cideurs. Ses champs de comp\u00e9tence recouvrent la cr\u00e9ation d\u2019applications, l\u2019int\u00e9gration de progiciels de gestion, l\u2019installation et la configuration de micro-ordinateurs, de r\u00e9seaux et de syst\u00e8mes client-serveur, ainsi que la formation des utilisateurs finaux.<br>Il poss\u00e8de des savoirs et savoir-faire en informatique g\u00e9n\u00e9rale et t\u00e9l\u00e9communications, technologies des r\u00e9seaux locaux, administration des r\u00e9seaux locaux, programmation et maintenance de logiciels, bases de donn\u00e9es relationnelles, veille technologique et gestion des organisations.<\/p>\n\n\n\n<h3 class=\"wp-block-heading\">L\u2019ADMISSION<\/h3>\n\n\n\n<p>Apr\u00e8s l\u2019obtention d\u2019un baccalaur\u00e9at STMG sp\u00e9cialit\u00e9 syst\u00e8me d\u2019information et de gestion, d\u2019un Bac professionnel SEN-TR ou SN-RISC ou d\u2019un bac technique ST2D ou d\u2019un bac g\u00e9n\u00e9ral.<br>Un quota de places est r\u00e9serv\u00e9 aux bacheliers technologiques et professionnels.<\/p>\n\n\n\n<p>Acc\u00e8s sur dossier. Faire acte de candidature sur le site : www.parcoursup.fr<\/p>\n\n\n\n<p><strong>Attendus nationaux de la plateforme d\u2019inscription dans l\u2019enseignement sup\u00e9rieur Parcoursup :<\/strong><\/p>\n\n\n\n<p>Disposer de comp\u00e9tences r\u00e9dactionnelles en fran\u00e7ais et en anglais,<\/p>\n\n\n\n<p>S\u2019int\u00e9resser aux secteurs des applications informatiques et des r\u00e9seaux,<\/p>\n\n\n\n<p>Disposer de comp\u00e9tences relationnelles pour la mise en \u0153uvre de solutions techniques en relation avec les besoins d\u2019entreprises clientes,<\/p>\n\n\n\n<p>Disposer de comp\u00e9tences pour suivre les \u00e9volutions technologiques informatiques,<\/p>\n\n\n\n<p>S\u2019int\u00e9resser au management des entreprises et \u00e0 leur environnement \u00e9conomique et juridique,<\/p>\n\n\n\n<p>Disposer de comp\u00e9tences pour le travail en \u00e9quipe<\/p>\n\n\n\n<figure class=\"wp-block-image size-full\"><img loading=\"lazy\" decoding=\"async\" width=\"900\" height=\"600\" src=\"https:\/\/sioplc.fr\/wp-content\/uploads\/2025\/07\/Salle-de-cours-Lycee-Paul-Louis-Courrier102.jpg\" alt=\"\" class=\"wp-image-10\" srcset=\"https:\/\/sioplc.fr\/wp-content\/uploads\/2025\/07\/Salle-de-cours-Lycee-Paul-Louis-Courrier102.jpg 900w, https:\/\/sioplc.fr\/wp-content\/uploads\/2025\/07\/Salle-de-cours-Lycee-Paul-Louis-Courrier102-300x200.jpg 300w, https:\/\/sioplc.fr\/wp-content\/uploads\/2025\/07\/Salle-de-cours-Lycee-Paul-Louis-Courrier102-768x512.jpg 768w\" sizes=\"auto, (max-width: 900px) 100vw, 900px\" \/><\/figure>\n\n\n\n<h3 class=\"wp-block-heading\">LA DUREE<\/h3>\n\n\n\n<p>Le BTS se pr\u00e9pare en 2 ans dont 12 semaines de stage en entreprise. NIVEAU TERMINAL D\u2019ETUDES : BAC + 2<\/p>\n\n\n\n<p>10 \u00e0 12 semaines de stages en entreprise, r\u00e9parties en premi\u00e8re et deuxi\u00e8me ann\u00e9e. Ateliers professionnels. Utilisation de logiciels professionnels.<\/p>\n\n\n\n<h3 class=\"wp-block-heading\">LA POURSUITE D\u2019ETUDES<\/h3>\n\n\n\n<p>Le BTS est un dipl\u00f4me con\u00e7u pour une insertion professionnelle. Cependant, avec un bon dossier ou une mention \u00e0 l\u2019examen, il est possible de poursuivre en licence LMD, en licence professionnelle, ou d\u2019int\u00e9grer une \u00e9cole sp\u00e9cialis\u00e9e ou une \u00e9cole d\u2019ing\u00e9nieurs (Polytech Tours, \u2026).<\/p>\n\n\n\n<p><strong>Double diplomation possible gr\u00e2ce \u00e0 une 3\u00e8me ann\u00e9e d\u2019\u00e9tudes au Qu\u00e9bec dans le cadre d\u2019un partenariat contract\u00e9 par le lyc\u00e9e.<\/strong><\/p>\n\n\n\n<h3 class=\"wp-block-heading\">LES ETUDIANTS CHOISISSENT UNE SPECIALITE :<\/h3>\n\n\n\n<p><strong>SLAM Solutions logiciels et applications m\u00e9tiers<\/strong><\/p>\n\n\n\n<ul class=\"wp-block-list\">\n<li>Exploitation d\u2019un sch\u00e9ma de donn\u00e9es<\/li>\n\n\n\n<li>Programmation objet<\/li>\n\n\n\n<li>Conception et adaptation d\u2019une base de donn\u00e9es<\/li>\n\n\n\n<li>R\u00e9alisation et maintenance de composants logiciels<\/li>\n\n\n\n<li>Conception et adaptation de solutions applicatives<\/li>\n<\/ul>\n\n\n\n<p><strong>SISR Solutions d\u2019infrastructure, syst\u00e8mes et r\u00e9seaux<\/strong><\/p>\n\n\n\n<ul class=\"wp-block-list\">\n<li>Maintenance des acc\u00e8s utilisateurs<\/li>\n\n\n\n<li>Conception des infrastructures r\u00e9seaux<\/li>\n\n\n\n<li>Exploitation des services<\/li>\n\n\n\n<li>Administration des syst\u00e8mes<\/li>\n\n\n\n<li>Supervision des r\u00e9seaux<\/li>\n<\/ul>\n\n\n\n<p><\/p>\n","protected":false},"excerpt":{"rendered":"<p>Ce dipl\u00f4me forme des techniciens sup\u00e9rieurs capables de g\u00e9rer un parc informatique ou d\u2019administrer un r\u00e9seau en PME ou de d\u00e9velopper des logiciels.Ce technicien sup\u00e9rieur dialogue en permanence avec les informaticiens de l\u2019entreprise et les collaborateurs ext\u00e9rieurs (fournisseurs de mat\u00e9riel, prestataires de services\u2026). Par ailleurs, il exerce des fonctions d\u2019interface entre les utilisateurs, le service [&hellip;]<\/p>\n","protected":false},"author":1,"featured_media":0,"parent":0,"menu_order":0,"comment_status":"closed","ping_status":"open","template":"","meta":{"footnotes":""},"class_list":["post-2","page","type-page","status-publish","hentry"],"_links":{"self":[{"href":"https:\/\/sioplc.fr\/index.php\/wp-json\/wp\/v2\/pages\/2","targetHints":{"allow":["GET"]}}],"collection":[{"href":"https:\/\/sioplc.fr\/index.php\/wp-json\/wp\/v2\/pages"}],"about":[{"href":"https:\/\/sioplc.fr\/index.php\/wp-json\/wp\/v2\/types\/page"}],"author":[{"embeddable":true,"href":"https:\/\/sioplc.fr\/index.php\/wp-json\/wp\/v2\/users\/1"}],"replies":[{"embeddable":true,"href":"https:\/\/sioplc.fr\/index.php\/wp-json\/wp\/v2\/comments?post=2"}],"version-history":[{"count":3,"href":"https:\/\/sioplc.fr\/index.php\/wp-json\/wp\/v2\/pages\/2\/revisions"}],"predecessor-version":[{"id":12,"href":"https:\/\/sioplc.fr\/index.php\/wp-json\/wp\/v2\/pages\/2\/revisions\/12"}],"wp:attachment":[{"href":"https:\/\/sioplc.fr\/index.php\/wp-json\/wp\/v2\/media?parent=2"}],"curies":[{"name":"wp","href":"https:\/\/api.w.org\/{rel}","templated":true}]}}